{"id":293,"date":"2017-03-01T08:23:56","date_gmt":"2017-03-01T07:23:56","guid":{"rendered":"https:\/\/luxmed.themerex.net\/?page_id=293"},"modified":"2021-10-03T01:00:08","modified_gmt":"2021-10-02T23:00:08","slug":"equipe","status":"publish","type":"page","link":"https:\/\/www.see-global-network.international\/en\/equipe\/","title":{"rendered":"Team SEE"},"content":{"rendered":"<div class=\"vc_row wpb_row vc_row-fluid\"><div class=\"wpb_column vc_column_container vc_col-sm-12 sc_layouts_column_icons_position_left\"><div class=\"vc_column-inner\"><div class=\"wpb_wrapper\"><div  id=\"sc_promo_1148272942\" \n\tclass=\"sc_promo sc_promo_default sc_promo_modern sc_promo_size_normal sc_promo_no_paddings sc_promo_image_fit sc_promo_image_position_right\"><a class=\"sc_promo_link2\" href=\"\/about-our-clinic\/\"><span>Certificates of completion<\/span><\/a><div class=\"sc_promo_image\" style=\"background-image:url(https:\/\/www.see-global-network.international\/wp-content\/uploads\/2017\/02\/img_abt1.jpg);width:51%;right: 0;\"><\/div><div class=\"sc_promo_text sc_float_left\" style=\"width: 49%;float: left;\">\n\t\t\t<div class=\"sc_promo_text_inner\" style=\"\"><h6 class=\"sc_item_subtitle sc_promo_subtitle sc_align_left sc_item_title_style_default\">Welcome<\/h6><h3 class=\"sc_item_title sc_promo_title sc_align_left sc_item_title_style_default\">We are a progressive <i>medical clinic<\/i><\/h3><div class=\"sc_item_descr sc_promo_descr sc_align_left\">Getting an accurate diagnosis can be one of the most important experiences that you can have, especially after searching that answer for a while. Our professionals can help you find the answer and choose the right way to the recovery.<\/div><a href=\"\/about-our-clinic\/\" id=\"sc_button_2051120983\" class=\"sc_button sc_button_default sc_button_size_normal sc_button_icon_left\"><span class=\"sc_button_text\"><span class=\"sc_button_title\">More about us<\/span><\/span><!-- \/.sc_button_text --><\/a><!-- \/.sc_button --><\/div>\n\t\t<\/div><!-- \/.sc_promo_text --><a href=\"\/about-our-clinic\/\" class=\"sc_promo_link\"><\/a><\/div><!-- \/.sc_promo --><div class=\"vc_empty_space  height_huge hide_on_mobile\"   style=\"height: 5rem\"><span class=\"vc_empty_space_inner\"><\/span><\/div><div class=\"vc_empty_space  height_huge\"   style=\"height: 32px\"><span class=\"vc_empty_space_inner\"><\/span><\/div><\/div><\/div><\/div><\/div><div data-vc-full-width=\"true\" data-vc-full-width-init=\"false\" class=\"vc_row wpb_row vc_row-fluid vc_custom_1488284922779 vc_row-has-fill\"><div class=\"wpb_column vc_column_container vc_col-sm-12 sc_layouts_column_icons_position_left\"><div class=\"vc_column-inner\"><div class=\"wpb_wrapper\"><div class=\"vc_empty_space  hide_on_mobile hide_on_notebook\"   style=\"height: 11px\"><span class=\"vc_empty_space_inner\"><\/span><\/div><div class=\"vc_empty_space  height_large hide_on_mobile\"   style=\"height: 32px\"><span class=\"vc_empty_space_inner\"><\/span><\/div><div class=\"vc_empty_space  height_huge\"   style=\"height: 32px\"><span class=\"vc_empty_space_inner\"><\/span><\/div><div id=\"sc_services_218198389\" class=\"sc_services sc_services_light sc_services_light2\"><h6 class=\"sc_item_subtitle sc_services_subtitle sc_align_center sc_item_title_style_default\">Future of Medicine<\/h6><h3 class=\"sc_item_title sc_services_title sc_align_center sc_item_title_style_default\">Progressive Medical Clinic<\/h3><div class=\"sc_services_columns sc_item_columns sc_item_columns_3 trx_addons_columns_wrap columns_padding_bottom\"><div class=\"trx_addons_column-1_3\"><div class=\"sc_services_item with_content with_icon sc_services_item_featured_top\">\n\t<a href=\"https:\/\/www.see-global-network.international\/en\/services\/pateforme-b4gh\/\"\n\t\t\t id=\"sc_services_218198389_icon-diamond-light\"\n\t\t\t class=\"sc_services_item_icon icon-diamond-light\"\n\t\t\t ><\/a>\t\n\t<div class=\"sc_services_item_info\">\n\t\t<div class=\"sc_services_item_header\">\n\t\t\t\t\t\t<div class=\"sc_services_item_subtitle\"><a href=\"https:\/\/www.see-global-network.international\/en\/services_group\/nos-actions\/\" title=\"View all posts in Nos actions\">Our actions<\/a><\/div>\t\t\t<h4 class=\"sc_services_item_title\"><a href=\"https:\/\/www.see-global-network.international\/en\/services\/pateforme-b4gh\/\">B4GH platform<\/a><\/h4>\n\n\t\t<\/div>\n\t\t\t\t\t<div class=\"sc_services_item_content\"><p> A commitment platform to bring companies together around innovation projects.<\/p>\n<\/div>\n\t\t\t<\/div>\n<\/div>\n<\/div><div class=\"trx_addons_column-1_3\"><div class=\"sc_services_item with_content with_icon sc_services_item_featured_top\">\n\t<a href=\"https:\/\/www.see-global-network.international\/en\/services\/caravanes-sante\/\"\n\t\t\t id=\"sc_services_218198389_icon-stethoscope\"\n\t\t\t class=\"sc_services_item_icon icon-stethoscope\"\n\t\t\t ><\/a>\t\n\t<div class=\"sc_services_item_info\">\n\t\t<div class=\"sc_services_item_header\">\n\t\t\t\t\t\t<div class=\"sc_services_item_subtitle\"><a href=\"https:\/\/www.see-global-network.international\/en\/services_group\/nos-actions\/\" title=\"View all posts in Nos actions\">Our actions<\/a><\/div>\t\t\t<h4 class=\"sc_services_item_title\"><a href=\"https:\/\/www.see-global-network.international\/en\/services\/caravanes-sante\/\">Health Caravans<\/a><\/h4>\n\n\t\t<\/div>\n\t\t\t\t\t<div class=\"sc_services_item_content\"><p>Concrete actions with a strong impact on the ground to fight against major endemics.<\/p>\n<\/div>\n\t\t\t<\/div>\n<\/div>\n<\/div><div class=\"trx_addons_column-1_3\"><div class=\"sc_services_item with_content with_icon sc_services_item_featured_top\">\n\t<a href=\"https:\/\/www.see-global-network.international\/en\/services\/dispositifs-medicaux-modernes\/\"\n\t\t\t id=\"sc_services_218198389_icon-medical-history\"\n\t\t\t class=\"sc_services_item_icon icon-medical-history\"\n\t\t\t ><\/a>\t\n\t<div class=\"sc_services_item_info\">\n\t\t<div class=\"sc_services_item_header\">\n\t\t\t\t\t\t<div class=\"sc_services_item_subtitle\"><a href=\"https:\/\/www.see-global-network.international\/en\/services_group\/nos-actions\/\" title=\"View all posts in Nos actions\">Our actions<\/a><a href=\"https:\/\/www.see-global-network.international\/en\/services_group\/solutions\/\" title=\"View all posts in solutions\">, solutions<\/a><\/div>\t\t\t<h4 class=\"sc_services_item_title\"><a href=\"https:\/\/www.see-global-network.international\/en\/services\/dispositifs-medicaux-modernes\/\">Innovative solutions<\/a><\/h4>\n\n\t\t<\/div>\n\t\t\t\t\t<div class=\"sc_services_item_content\"><p>Digitalized solutions and groundbreaking projects to reinforce local health ecosystems.<\/p>\n<\/div>\n\t\t\t<\/div>\n<\/div>\n<\/div><\/div><\/div><!-- \/.sc_services --><div class=\"vc_empty_space  height_huge\"   style=\"height: 32px\"><span class=\"vc_empty_space_inner\"><\/span><\/div><div class=\"vc_empty_space  height_small hide_on_mobile\"   style=\"height: 32px\"><span class=\"vc_empty_space_inner\"><\/span><\/div><\/div><\/div><\/div><\/div><div class=\"vc_row-full-width vc_clearfix\"><\/div><div class=\"vc_row wpb_row vc_row-fluid\"><div class=\"wpb_column vc_column_container vc_col-sm-12 sc_layouts_column_icons_position_left\"><div class=\"vc_column-inner\"><div class=\"wpb_wrapper\"><div class=\"vc_empty_space  hide_on_mobile hide_on_notebook\"   style=\"height: 10px\"><span class=\"vc_empty_space_inner\"><\/span><\/div><div class=\"vc_empty_space  height_large hide_on_mobile\"   style=\"height: 32px\"><span class=\"vc_empty_space_inner\"><\/span><\/div><div class=\"vc_empty_space  height_huge\"   style=\"height: 32px\"><span class=\"vc_empty_space_inner\"><\/span><\/div><div class=\"vc_empty_space  hide_on_mobile hide_on_notebook\"   style=\"height: 5px\"><span class=\"vc_empty_space_inner\"><\/span><\/div><div class=\"vc_empty_space  height_large hide_on_mobile\"   style=\"height: 32px\"><span class=\"vc_empty_space_inner\"><\/span><\/div><div class=\"vc_empty_space  height_huge\"   style=\"height: 32px\"><span class=\"vc_empty_space_inner\"><\/span><\/div><\/div><\/div><\/div><\/div><div data-vc-full-width=\"true\" data-vc-full-width-init=\"false\" class=\"vc_row wpb_row vc_row-fluid vc_custom_1488293338846 vc_row-has-fill\"><div class=\"wpb_column vc_column_container vc_col-sm-12 sc_layouts_column_icons_position_left\"><div class=\"vc_column-inner\"><div class=\"wpb_wrapper\"><div class=\"vc_empty_space  hide_on_mobile hide_on_notebook\"   style=\"height: 8px\"><span class=\"vc_empty_space_inner\"><\/span><\/div><div class=\"vc_empty_space  height_large hide_on_mobile\"   style=\"height: 32px\"><span class=\"vc_empty_space_inner\"><\/span><\/div><div class=\"vc_empty_space  height_huge\"   style=\"height: 32px\"><span class=\"vc_empty_space_inner\"><\/span><\/div><div class=\"vc_empty_space  height_tiny hide_on_mobile hide_on_notebook\"   style=\"height: 32px\"><span class=\"vc_empty_space_inner\"><\/span><\/div><div class=\"vc_empty_space  height_huge hide_on_mobile\"   style=\"height: 32px\"><span class=\"vc_empty_space_inner\"><\/span><\/div><div class=\"vc_empty_space  height_huge\"   style=\"height: 32px\"><span class=\"vc_empty_space_inner\"><\/span><\/div><\/div><\/div><\/div><\/div><div class=\"vc_row-full-width vc_clearfix\"><\/div><div data-vc-full-width=\"true\" data-vc-full-width-init=\"false\" data-vc-stretch-content=\"true\" class=\"vc_row wpb_row vc_row-fluid vc_custom_1604253249494 vc_row-has-fill vc_row-no-padding scheme_dark\"><div class=\"wpb_column vc_column_container vc_col-sm-12 sc_layouts_column_icons_position_left\"><div class=\"vc_column-inner\"><div class=\"wpb_wrapper\"><div  id=\"sc_promo_1229501072\" \r\n\tclass=\"scheme_dark sc_promo sc_promo_default  vc_custom_1491811511824 sc_promo_size_normal sc_promo_no_paddings sc_promo_image_position_right\"><div class=\"sc_promo_image\" style=\"background-image:url(https:\/\/www.see-global-network.international\/wp-content\/uploads\/2017\/03\/img_promo.jpg);width:50%;right: 0;\"><\/div><div class=\"sc_promo_text\" style=\"width: 50%;float: left;\">\r\n\t\t\t<div class=\"sc_promo_text_inner\" style=\"\"><div class=\"sc_promo_content sc_item_content\"><div class=\"vc_empty_space  height_small\"   style=\"height: 32px\"><span class=\"vc_empty_space_inner\"><\/span><\/div><div class=\"vc_empty_space  height_medium hide_on_mobile\"   style=\"height: 32px\"><span class=\"vc_empty_space_inner\"><\/span><\/div><div class=\"vc_empty_space  height_huge hide_on_mobile hide_on_notebook\"   style=\"height: 32px\"><span class=\"vc_empty_space_inner\"><\/span><\/div><div class=\"vc_empty_space  hide_on_mobile hide_on_notebook\"   style=\"height: 8px\"><span class=\"vc_empty_space_inner\"><\/span><\/div><div id=\"sc_content_1896204859\"\r\n\t\tclass=\"sc_content sc_content_default sc_float_center sc_content_width_85p\"><div class=\"sc_content_container\"><div id=\"sc_title_1748759903\"\n\t\tclass=\"sc_title sc_title_default sc_title_mono\"><h6 class=\"sc_item_subtitle sc_title_subtitle sc_align_left sc_item_title_style_mono\">Our Happy Clients<\/h6><h3 class=\"sc_item_title sc_title_title sc_align_left sc_item_title_style_mono\">Online Appointment<\/h3><\/div><!-- \/.sc_title --><div class=\"vc_empty_space  height_medium\"   style=\"height: 32px\"><span class=\"vc_empty_space_inner\"><\/span><\/div>\n<div class=\"wpcf7 no-js\" id=\"wpcf7-f4-o1\" lang=\"en-US\" dir=\"ltr\">\n<div class=\"screen-reader-response\"><p role=\"status\" aria-live=\"polite\" aria-atomic=\"true\"><\/p> <ul><\/ul><\/div>\n<form action=\"\/en\/wp-json\/wp\/v2\/pages\/293#wpcf7-f4-o1\" method=\"post\" class=\"wpcf7-form init\" aria-label=\"Contact form\" novalidate=\"novalidate\" data-status=\"init\" data-trp-original-action=\"\/en\/wp-json\/wp\/v2\/pages\/293#wpcf7-f4-o1\">\n<div style=\"display: none;\">\n<input type=\"hidden\" name=\"_wpcf7\" value=\"4\" \/>\n<input type=\"hidden\" name=\"_wpcf7_version\" value=\"5.8\" \/>\n<input type=\"hidden\" name=\"_wpcf7_locale\" value=\"en_US\" \/>\n<input type=\"hidden\" name=\"_wpcf7_unit_tag\" value=\"wpcf7-f4-o1\" \/>\n<input type=\"hidden\" name=\"_wpcf7_container_post\" value=\"0\" \/>\n<input type=\"hidden\" name=\"_wpcf7_posted_data_hash\" value=\"\" \/>\n<input type=\"hidden\" name=\"nlang\" value=\"en\" \/>\n<\/div>\n<div class=\"trx_addons_columns_wrap\">\n\t<div class=\"trx_addons_column-1_2\">\n\t\t<p><span class=\"wpcf7-form-control-wrap\" data-name=\"your-name\"><input size=\"40\" class=\"wpcf7-form-control wpcf7-text wpcf7-validates-as-required\" aria-required=\"true\" aria-invalid=\"false\" placeholder=\"Your name\" value=\"\" type=\"text\" name=\"your-name\" \/><\/span>\n\t\t<\/p>\n\t<\/div>\n\t<div class=\"trx_addons_column-1_2\">\n\t\t<p><span class=\"wpcf7-form-control-wrap\" data-name=\"your-email\"><input size=\"40\" class=\"wpcf7-form-control wpcf7-email wpcf7-validates-as-required wpcf7-text wpcf7-validates-as-email\" aria-required=\"true\" aria-invalid=\"false\" placeholder=\"Your e-mail address\" value=\"\" type=\"email\" name=\"your-email\" \/><\/span>\n\t\t<\/p>\n\t<\/div>\n\t<div class=\"trx_addons_column-1_2\">\n\t\t<p><span class=\"wpcf7-form-control-wrap\" data-name=\"phone\"><input size=\"40\" class=\"wpcf7-form-control wpcf7-tel wpcf7-validates-as-required wpcf7-text wpcf7-validates-as-tel\" aria-required=\"true\" aria-invalid=\"false\" placeholder=\"Your phone\" value=\"\" type=\"tel\" name=\"phone\" \/><\/span>\n\t\t<\/p>\n\t<\/div>\n\t<div class=\"trx_addons_column-1_2\">\n\t\t<p><span class=\"wpcf7-form-control-wrap\" data-name=\"department\"><select class=\"wpcf7-form-control wpcf7-select wpcf7-validates-as-required\" aria-required=\"true\" aria-invalid=\"false\" name=\"department\"><option value=\"Choisir le motif\">Select the purpose<\/option><option value=\"Demande de Rendez-Vous\">Select the purpose<\/option><option value=\"Candidature\">Candidature<\/option><option value=\"Demande d\u2019informations\">Demande d\u2019informations<\/option><option value=\"Adh\u00e9sion \u00e0 SEE\">Adh\u00e9sion \u00e0 SEE<\/option><option value=\"Proposition de Partenariat\">Proposition de Partenariat<\/option><option value=\"Proposition d\u2019Interview\">Proposition d\u2019Interview<\/option><\/select><\/span>\n\t\t<\/p>\n\t<\/div>\n<\/div>\n<p><span class=\"wpcf7-form-control-wrap\" data-name=\"your-message\"><textarea cols=\"40\" rows=\"10\" class=\"wpcf7-form-control wpcf7-textarea\" aria-invalid=\"false\" placeholder=\"Your message\" name=\"your-message\"><\/textarea><\/span><br \/>\n<input class=\"wpcf7-form-control wpcf7-submit has-spinner send_message\" type=\"submit\" value=\"Send\" \/>\n<\/p><div class=\"wpcf7-response-output\" aria-hidden=\"true\"><\/div>\n<input type=\"hidden\" name=\"trp-form-language\" value=\"en\"\/><\/form>\n<\/div>\n<\/div><\/div><!-- \/.sc_content --><div class=\"vc_empty_space  height_large hide_on_mobile hide_on_notebook\"   style=\"height: 32px\"><span class=\"vc_empty_space_inner\"><\/span><\/div><div class=\"vc_empty_space  height_medium hide_on_mobile\"   style=\"height: 32px\"><span class=\"vc_empty_space_inner\"><\/span><\/div><div class=\"vc_empty_space  height_small\"   style=\"height: 32px\"><span class=\"vc_empty_space_inner\"><\/span><\/div><\/div><\/div>\r\n\t\t<\/div><!-- \/.sc_promo_text --><\/div><!-- \/.sc_promo --><\/div><\/div><\/div><\/div><div class=\"vc_row-full-width vc_clearfix\"><\/div>","protected":false},"excerpt":{"rendered":"SeeL@b est l\u2019interface qui permet lors des op\u00e9rations de d\u00e9pistage rapide multi-maladies, un traitement consolid\u00e9 et anonymis\u00e9 des donn\u00e9es en temps r\u00e9el et en toute s\u00e9curit\u00e9. La collecte des donn\u00e9es, \u00e9galement possible en mode hors connexion, s\u2019effectue \u00e0 partir de tablettes reli\u00e9es \u00e0 un serveur d\u00e9di\u00e9. L\u2019interface SeeL@b int\u00e8gre un ensemble de solutions digitales pour l\u2019\u00e9valuation des risques : COVID&hellip;","protected":false},"author":1,"featured_media":0,"parent":0,"menu_order":0,"comment_status":"closed","ping_status":"closed","template":"","meta":{"footnotes":""},"class_list":["post-293","page","type-page","status-publish","hentry"],"_links":{"self":[{"href":"https:\/\/www.see-global-network.international\/en\/wp-json\/wp\/v2\/pages\/293","targetHints":{"allow":["GET"]}}],"collection":[{"href":"https:\/\/www.see-global-network.international\/en\/wp-json\/wp\/v2\/pages"}],"about":[{"href":"https:\/\/www.see-global-network.international\/en\/wp-json\/wp\/v2\/types\/page"}],"author":[{"embeddable":true,"href":"https:\/\/www.see-global-network.international\/en\/wp-json\/wp\/v2\/users\/1"}],"replies":[{"embeddable":true,"href":"https:\/\/www.see-global-network.international\/en\/wp-json\/wp\/v2\/comments?post=293"}],"version-history":[{"count":1,"href":"https:\/\/www.see-global-network.international\/en\/wp-json\/wp\/v2\/pages\/293\/revisions"}],"predecessor-version":[{"id":1040,"href":"https:\/\/www.see-global-network.international\/en\/wp-json\/wp\/v2\/pages\/293\/revisions\/1040"}],"wp:attachment":[{"href":"https:\/\/www.see-global-network.international\/en\/wp-json\/wp\/v2\/media?parent=293"}],"curies":[{"name":"wp","href":"https:\/\/api.w.org\/{rel}","templated":true}]}}