{"id":257,"date":"2017-02-28T13:08:38","date_gmt":"2017-02-28T13:08:38","guid":{"rendered":"https:\/\/luxmed.themerex.net\/?page_id=257"},"modified":"2021-07-15T16:05:12","modified_gmt":"2021-07-15T16:05:12","slug":"our-services","status":"publish","type":"page","link":"https:\/\/www.see-global-network.international\/en\/our-services\/","title":{"rendered":"Our Services"},"content":{"rendered":"<div class=\"vc_row wpb_row vc_row-fluid\"><div class=\"wpb_column vc_column_container vc_col-sm-12 sc_layouts_column_icons_position_left\"><div class=\"vc_column-inner\"><div class=\"wpb_wrapper\"><div class=\"sc_layouts sc_layouts_default sc_layouts_569\"><div class=\"vc_row wpb_row vc_row-fluid\"><div class=\"wpb_column vc_column_container vc_col-sm-12 sc_layouts_column_icons_position_left\"><div class=\"vc_column-inner\"><div class=\"wpb_wrapper\"><div class=\"vc_empty_space  hide_on_mobile\"   style=\"height: 8px\"><span class=\"vc_empty_space_inner\"><\/span><\/div><div class=\"vc_empty_space  height_tiny\"   style=\"height: 32px\"><span class=\"vc_empty_space_inner\"><\/span><\/div><div class=\"vc_empty_space\"   style=\"height: 1.5rem\"><span class=\"vc_empty_space_inner\"><\/span><\/div><div class=\"vc_empty_space  height_huge\"   style=\"height: 32px\"><span class=\"vc_empty_space_inner\"><\/span><\/div><div class=\"vc_empty_space  height_large hide_on_mobile\"   style=\"height: 32px\"><span class=\"vc_empty_space_inner\"><\/span><\/div><div class=\"vc_empty_space  hide_on_mobile hide_on_notebook\"   style=\"height: 8px\"><span class=\"vc_empty_space_inner\"><\/span><\/div><\/div><\/div><\/div><\/div><\/div><\/div><\/div><\/div><\/div><div data-vc-full-width=\"true\" data-vc-full-width-init=\"false\" class=\"vc_row wpb_row vc_row-fluid vc_custom_1488284922779 vc_row-has-fill\"><div class=\"wpb_column vc_column_container vc_col-sm-12 sc_layouts_column_icons_position_left\"><div class=\"vc_column-inner\"><div class=\"wpb_wrapper\"><div class=\"vc_empty_space  hide_on_mobile hide_on_notebook\"   style=\"height: 11px\"><span class=\"vc_empty_space_inner\"><\/span><\/div><div class=\"vc_empty_space  height_large hide_on_mobile\"   style=\"height: 32px\"><span class=\"vc_empty_space_inner\"><\/span><\/div><div class=\"vc_empty_space  height_huge\"   style=\"height: 32px\"><span class=\"vc_empty_space_inner\"><\/span><\/div><div id=\"sc_services_1637034480\" class=\"sc_services sc_services_light sc_services_light2\"><h6 class=\"sc_item_subtitle sc_services_subtitle sc_align_center sc_item_title_style_default\">Future of Medicine<\/h6><h3 class=\"sc_item_title sc_services_title sc_align_center sc_item_title_style_default\">Progressive Medical Clinic<\/h3><div class=\"sc_services_columns sc_item_columns sc_item_columns_3 trx_addons_columns_wrap columns_padding_bottom\"><div class=\"trx_addons_column-1_3\"><div class=\"sc_services_item with_content with_icon sc_services_item_featured_top\">\n\t<a href=\"https:\/\/www.see-global-network.international\/en\/services\/pateforme-b4gh\/\"\n\t\t\t id=\"sc_services_1637034480_icon-diamond-light\"\n\t\t\t class=\"sc_services_item_icon icon-diamond-light\"\n\t\t\t ><\/a>\t\n\t<div class=\"sc_services_item_info\">\n\t\t<div class=\"sc_services_item_header\">\n\t\t\t\t\t\t<div class=\"sc_services_item_subtitle\"><a href=\"https:\/\/www.see-global-network.international\/en\/services_group\/nos-actions\/\" title=\"View all posts in Nos actions\">Our actions<\/a><\/div>\t\t\t<h4 class=\"sc_services_item_title\"><a href=\"https:\/\/www.see-global-network.international\/en\/services\/pateforme-b4gh\/\">B4GH platform<\/a><\/h4>\n\n\t\t<\/div>\n\t\t\t\t\t<div class=\"sc_services_item_content\"><p> A commitment platform to bring companies together around innovation projects.<\/p>\n<\/div>\n\t\t\t<\/div>\n<\/div>\n<\/div><div class=\"trx_addons_column-1_3\"><div class=\"sc_services_item with_content with_icon sc_services_item_featured_top\">\n\t<a href=\"https:\/\/www.see-global-network.international\/en\/services\/caravanes-sante\/\"\n\t\t\t id=\"sc_services_1637034480_icon-stethoscope\"\n\t\t\t class=\"sc_services_item_icon icon-stethoscope\"\n\t\t\t ><\/a>\t\n\t<div class=\"sc_services_item_info\">\n\t\t<div class=\"sc_services_item_header\">\n\t\t\t\t\t\t<div class=\"sc_services_item_subtitle\"><a href=\"https:\/\/www.see-global-network.international\/en\/services_group\/nos-actions\/\" title=\"View all posts in Nos actions\">Our actions<\/a><\/div>\t\t\t<h4 class=\"sc_services_item_title\"><a href=\"https:\/\/www.see-global-network.international\/en\/services\/caravanes-sante\/\">Health Caravans<\/a><\/h4>\n\n\t\t<\/div>\n\t\t\t\t\t<div class=\"sc_services_item_content\"><p>Concrete actions with a strong impact on the ground to fight against major endemics.<\/p>\n<\/div>\n\t\t\t<\/div>\n<\/div>\n<\/div><div class=\"trx_addons_column-1_3\"><div class=\"sc_services_item with_content with_icon sc_services_item_featured_top\">\n\t<a href=\"https:\/\/www.see-global-network.international\/en\/services\/dispositifs-medicaux-modernes\/\"\n\t\t\t id=\"sc_services_1637034480_icon-medical-history\"\n\t\t\t class=\"sc_services_item_icon icon-medical-history\"\n\t\t\t ><\/a>\t\n\t<div class=\"sc_services_item_info\">\n\t\t<div class=\"sc_services_item_header\">\n\t\t\t\t\t\t<div class=\"sc_services_item_subtitle\"><a href=\"https:\/\/www.see-global-network.international\/en\/services_group\/nos-actions\/\" title=\"View all posts in Nos actions\">Our actions<\/a><a href=\"https:\/\/www.see-global-network.international\/en\/services_group\/solutions\/\" title=\"View all posts in solutions\">, solutions<\/a><\/div>\t\t\t<h4 class=\"sc_services_item_title\"><a href=\"https:\/\/www.see-global-network.international\/en\/services\/dispositifs-medicaux-modernes\/\">Innovative solutions<\/a><\/h4>\n\n\t\t<\/div>\n\t\t\t\t\t<div class=\"sc_services_item_content\"><p>Digitalized solutions and groundbreaking projects to reinforce local health ecosystems.<\/p>\n<\/div>\n\t\t\t<\/div>\n<\/div>\n<\/div><\/div><\/div><!-- \/.sc_services --><div class=\"vc_empty_space  height_huge\"   style=\"height: 32px\"><span class=\"vc_empty_space_inner\"><\/span><\/div><div class=\"vc_empty_space  height_small hide_on_mobile\"   style=\"height: 32px\"><span class=\"vc_empty_space_inner\"><\/span><\/div><\/div><\/div><\/div><\/div><div class=\"vc_row-full-width vc_clearfix\"><\/div><div data-vc-full-width=\"true\" data-vc-full-width-init=\"false\" class=\"vc_row wpb_row vc_row-fluid vc_custom_1491391367741 vc_row-has-fill scheme_dark\"><div class=\"wpb_column vc_column_container vc_col-sm-12 sc_layouts_column_icons_position_left\"><div class=\"vc_column-inner\"><div class=\"wpb_wrapper\"><div class=\"vc_empty_space  hide_on_mobile hide_on_notebook\"   style=\"height: 8px\"><span class=\"vc_empty_space_inner\"><\/span><\/div><div class=\"vc_empty_space  height_medium hide_on_mobile\"   style=\"height: 32px\"><span class=\"vc_empty_space_inner\"><\/span><\/div><div class=\"vc_empty_space  height_huge\"   style=\"height: 32px\"><span class=\"vc_empty_space_inner\"><\/span><\/div><div class=\"vc_empty_space  height_huge\"   style=\"height: 32px\"><span class=\"vc_empty_space_inner\"><\/span><\/div>\n\t<div  class=\"wpb_single_image wpb_content_element vc_align_center\">\n\t\t\n\t\t<figure class=\"wpb_wrapper vc_figure\">\n\t\t\t<a href=\"#lm_video\" target=\"_self\" class=\"vc_single_image-wrapper   vc_box_border_grey\"><img loading=\"lazy\" decoding=\"async\" width=\"59\" height=\"59\" src=\"https:\/\/www.see-global-network.international\/wp-content\/uploads\/2017\/02\/play_btn.png\" class=\"vc_single_image-img attachment-full\" alt=\"\" \/><\/a>\n\t\t<\/figure>\n\t<\/div>\n<div class=\"vc_empty_space\"   style=\"height: 1.7rem\"><span class=\"vc_empty_space_inner\"><\/span><\/div><div id=\"sc_content_2007492970\"\r\n\t\tclass=\"sc_content sc_content_default sc_float_center sc_content_width_50p\"><div class=\"sc_content_container\"><div style=\"font-size: 3.57em;color: #ffffff;line-height: 1.07em;text-align: center\" class=\"vc_custom_heading extra_header\" >We provide quality health  care for our clients<\/div><\/div><\/div><!-- \/.sc_content --><div class=\"vc_empty_space  height_large hide_on_mobile\"   style=\"height: 32px\"><span class=\"vc_empty_space_inner\"><\/span><\/div><div class=\"vc_empty_space  height_huge\"   style=\"height: 32px\"><span class=\"vc_empty_space_inner\"><\/span><\/div><div class=\"vc_empty_space  height_huge\"   style=\"height: 32px\"><span class=\"vc_empty_space_inner\"><\/span><\/div><\/div><\/div><\/div><\/div><div class=\"vc_row-full-width vc_clearfix\"><\/div><div data-vc-full-width=\"true\" data-vc-full-width-init=\"false\" class=\"vc_row wpb_row vc_row-fluid vc_custom_1491390990684 vc_row-has-fill scheme_dark\"><div class=\"wpb_column vc_column_container vc_col-sm-12 sc_layouts_column_icons_position_left\"><div class=\"vc_column-inner\"><div class=\"wpb_wrapper\"><div class=\"vc_empty_space  hide_on_mobile\"   style=\"height: 2rem\"><span class=\"vc_empty_space_inner\"><\/span><\/div><div class=\"vc_empty_space\"   style=\"height: 1.5rem\"><span class=\"vc_empty_space_inner\"><\/span><\/div><div id=\"sc_skills_1489969258\"\r\n\t\tclass=\"sc_skills sc_skills_counter\"\r\n\t\t\t\tdata-type=\"counter\"\r\n\t\t><div class=\"sc_skills_columns sc_item_columns trx_addons_columns_wrap columns_padding_bottom\"><div class=\"sc_skills_column trx_addons_column-1_4\"><div class=\"sc_skills_item_wrap\"><div class=\"sc_skills_item\"><div class=\"sc_skills_total\" data-start=\"0\" data-stop=\"2987\" data-step=\"30\" data-max=\"3000\" data-speed=\"33\" data-duration=\"3286\" data-ed=\"\">0<\/div><\/div><div class=\"sc_skills_item_title\">Patients a Year<\/div><\/div><\/div><div class=\"sc_skills_column trx_addons_column-1_4\"><div class=\"sc_skills_item_wrap\"><div class=\"sc_skills_item\"><div class=\"sc_skills_total\" data-start=\"0\" data-stop=\"24\" data-step=\"30\" data-max=\"3000\" data-speed=\"21\" data-duration=\"17\" data-ed=\"\">0<\/div><\/div><div class=\"sc_skills_item_title\">People Working<\/div><\/div><\/div><div class=\"sc_skills_column trx_addons_column-1_4\"><div class=\"sc_skills_item_wrap\"><div class=\"sc_skills_item\"><div class=\"sc_skills_total\" data-start=\"0\" data-stop=\"16\" data-step=\"30\" data-max=\"3000\" data-speed=\"21\" data-duration=\"11\" data-ed=\"\">0<\/div><\/div><div class=\"sc_skills_item_title\">Years of Experience<\/div><\/div><\/div><div class=\"sc_skills_column trx_addons_column-1_4\"><div class=\"sc_skills_item_wrap\"><div class=\"sc_skills_item\"><div class=\"sc_skills_total\" data-start=\"0\" data-stop=\"100\" data-step=\"30\" data-max=\"3000\" data-speed=\"13\" data-duration=\"43\" data-ed=\"\">0<\/div><\/div><div class=\"sc_skills_item_title\">Satisfied Patients<\/div><\/div><\/div><\/div><\/div><div class=\"vc_empty_space\"   style=\"height: 1.3rem\"><span class=\"vc_empty_space_inner\"><\/span><\/div><\/div><\/div><\/div><\/div><div class=\"vc_row-full-width vc_clearfix\"><\/div><div class=\"vc_row wpb_row vc_row-fluid\"><div class=\"wpb_column vc_column_container vc_col-sm-12 sc_layouts_column_icons_position_left\"><div class=\"vc_column-inner\"><div class=\"wpb_wrapper\"><div class=\"vc_empty_space  hide_on_mobile hide_on_notebook\"   style=\"height: 8px\"><span class=\"vc_empty_space_inner\"><\/span><\/div><div class=\"vc_empty_space  height_large hide_on_mobile\"   style=\"height: 32px\"><span class=\"vc_empty_space_inner\"><\/span><\/div><div class=\"vc_empty_space  height_huge\"   style=\"height: 32px\"><span class=\"vc_empty_space_inner\"><\/span><\/div><div class=\"sc_blogger sc_blogger_classic\"><h6 class=\"sc_item_subtitle sc_blogger_subtitle sc_align_center sc_item_title_style_default\">Blog Posts<\/h6><h3 class=\"sc_item_title sc_blogger_title sc_align_center sc_item_title_style_default\">Latest News<\/h3><div class=\"sc_blogger_columns sc_item_columns trx_addons_columns_wrap columns_padding_bottom\"><div class=\"trx_addons_column-1_3\"><div id=\"post-1856\"\tclass=\"sc_blogger_item post_format_standard post-1856 post type-post status-publish format-standard has-post-thumbnail hentry category-articles\"><div class=\"post_featured with_thumb hover_dots sc_blogger_item_featured\"><img loading=\"lazy\" decoding=\"async\" width=\"500\" height=\"390\" src=\"https:\/\/www.see-global-network.international\/wp-content\/uploads\/2023\/09\/1694124690636-500x390.jpeg\" class=\"attachment-trx_addons-thumb-blogger size-trx_addons-thumb-blogger wp-post-image\" alt=\"A l\u2019occasion de la Journ\u00e9e Mondiale \u201cOne Health\/Une seule sant\u00e9\u201d, c\u00e9l\u00e9br\u00e9e le 3 novembre, SEE organise du 30 Octobre au 3 Novembre 2023 un hackathon sp\u00e9cial et une s\u00e9rie de webcasts \u00ab One Health\/Une seule sant\u00e9 \u00bb.\" \/><div class=\"mask\"><\/div><a href=\"https:\/\/www.see-global-network.international\/en\/a-loccasion-de-la-journee-mondiale-one-health-une-seule-sante-celebree-le-3-novembre-see-organise-du-30-octobre-au-3-novembre-2023-un-hackathon-special-et-une-serie-de-web\/\" aria-hidden=\"true\" class=\"icons\"><span><\/span><span><\/span><span><\/span><\/a><\/div><div class=\"sc_blogger_item_content entry-content\"><div class=\"sc_blogger_item_header entry-header\"><div class=\"post_meta\">\t\t\t\t\t<span class=\"post_meta_item post_categories\"><a href=\"https:\/\/www.see-global-network.international\/en\/category\/articles\/\" rel=\"category tag\">Articles<\/a><\/span>\n\t\t\t\t\t\t\t\t\t\t<span class=\"post_meta_item post_date\"><a href=\"https:\/\/www.see-global-network.international\/en\/a-loccasion-de-la-journee-mondiale-one-health-une-seule-sante-celebree-le-3-novembre-see-organise-du-30-octobre-au-3-novembre-2023-un-hackathon-special-et-une-serie-de-web\/\">10 September 2023<\/a><\/span>\n\t\t\t\t\tby \t\t\t\t\t<a class=\"post_meta_item post_author\" rel=\"author\" href=\"https:\/\/www.see-global-network.international\/en\/author\/admin\/\">\n\t\t\t\t\t\tadmin\t\t\t\t\t<\/a>\n\t\t\t\t\t <a href=\"https:\/\/www.see-global-network.international\/en\/a-loccasion-de-la-journee-mondiale-one-health-une-seule-sante-celebree-le-3-novembre-see-organise-du-30-octobre-au-3-novembre-2023-un-hackathon-special-et-une-serie-de-web\/#respond\" class=\"post_meta_item post_counters_item post_counters_comments trx_addons_icon-comment\"><span class=\"post_counters_number\">0<\/span><span class=\"post_counters_label\">Comments<\/span><\/a> <\/div><!-- .post_meta --><h5 class=\"sc_blogger_item_title entry-title\"><a href=\"https:\/\/www.see-global-network.international\/en\/a-loccasion-de-la-journee-mondiale-one-health-une-seule-sante-celebree-le-3-novembre-see-organise-du-30-octobre-au-3-novembre-2023-un-hackathon-special-et-une-serie-de-web\/\" rel=\"bookmark\">A l\u2019occasion de la Journ\u00e9e Mondiale \u201cOne Health\/Une seule sant\u00e9\u201d, c\u00e9l\u00e9br\u00e9e le 3 novembre, SEE organise du 30 Octobre au 3 Novembre 2023 un hackathon sp\u00e9cial et une s\u00e9rie de webcasts \u00ab One Health\/Une seule sant\u00e9 \u00bb.<\/a><\/h5><\/div><!-- .entry-header --><\/div><!-- .entry-content --><\/div><!-- .sc_blogger_item --><\/div><div class=\"trx_addons_column-1_3\"><div id=\"post-1851\"\tclass=\"sc_blogger_item post_format_standard post-1851 post type-post status-publish format-standard has-post-thumbnail hentry category-articles\"><div class=\"post_featured with_thumb hover_dots sc_blogger_item_featured\"><img loading=\"lazy\" decoding=\"async\" width=\"500\" height=\"390\" src=\"https:\/\/www.see-global-network.international\/wp-content\/uploads\/2023\/08\/Pitch_Deck_Offre_de_services_SEE1_001-500x390.jpg\" class=\"attachment-trx_addons-thumb-blogger size-trx_addons-thumb-blogger wp-post-image\" alt=\"Pr\u00e9parez vos prochaines actions de promotion de la sant\u00e9\u00a0\" srcset=\"https:\/\/www.see-global-network.international\/wp-content\/uploads\/2023\/08\/Pitch_Deck_Offre_de_services_SEE1_001-500x390.jpg 500w, https:\/\/www.see-global-network.international\/wp-content\/uploads\/2023\/08\/Pitch_Deck_Offre_de_services_SEE1_001-1000x780.jpg 1000w\" sizes=\"auto, (max-width: 500px) 100vw, 500px\" \/><div class=\"mask\"><\/div><a href=\"https:\/\/www.see-global-network.international\/en\/preparez-vos-prochaines-actions-de-promotion-de-la-sante\/\" aria-hidden=\"true\" class=\"icons\"><span><\/span><span><\/span><span><\/span><\/a><\/div><div class=\"sc_blogger_item_content entry-content\"><div class=\"sc_blogger_item_header entry-header\"><div class=\"post_meta\">\t\t\t\t\t<span class=\"post_meta_item post_categories\"><a href=\"https:\/\/www.see-global-network.international\/en\/category\/articles\/\" rel=\"category tag\">Articles<\/a><\/span>\n\t\t\t\t\t\t\t\t\t\t<span class=\"post_meta_item post_date\"><a href=\"https:\/\/www.see-global-network.international\/en\/preparez-vos-prochaines-actions-de-promotion-de-la-sante\/\">28 August 2023<\/a><\/span>\n\t\t\t\t\tby \t\t\t\t\t<a class=\"post_meta_item post_author\" rel=\"author\" href=\"https:\/\/www.see-global-network.international\/en\/author\/admin\/\">\n\t\t\t\t\t\tadmin\t\t\t\t\t<\/a>\n\t\t\t\t\t <a href=\"https:\/\/www.see-global-network.international\/en\/preparez-vos-prochaines-actions-de-promotion-de-la-sante\/#respond\" class=\"post_meta_item post_counters_item post_counters_comments trx_addons_icon-comment\"><span class=\"post_counters_number\">0<\/span><span class=\"post_counters_label\">Comments<\/span><\/a> <\/div><!-- .post_meta --><h5 class=\"sc_blogger_item_title entry-title\"><a href=\"https:\/\/www.see-global-network.international\/en\/preparez-vos-prochaines-actions-de-promotion-de-la-sante\/\" rel=\"bookmark\">Pr\u00e9parez vos prochaines actions de promotion de la sant\u00e9\u00a0<\/a><\/h5><\/div><!-- .entry-header --><\/div><!-- .entry-content --><\/div><!-- .sc_blogger_item --><\/div><div class=\"trx_addons_column-1_3\"><div id=\"post-1823\"\tclass=\"sc_blogger_item post_format_standard post-1823 post type-post status-publish format-standard has-post-thumbnail hentry category-articles\"><div class=\"post_featured with_thumb hover_dots sc_blogger_item_featured\"><img loading=\"lazy\" decoding=\"async\" width=\"500\" height=\"390\" src=\"https:\/\/www.see-global-network.international\/wp-content\/uploads\/2023\/07\/Rapport-dactivites-SEE-Semestre-1-2023-500x390.jpg\" class=\"attachment-trx_addons-thumb-blogger size-trx_addons-thumb-blogger wp-post-image\" alt=\"RAPPORT D&#8217;ACTIVITE DU 1er SEMESTRE 2023\" srcset=\"https:\/\/www.see-global-network.international\/wp-content\/uploads\/2023\/07\/Rapport-dactivites-SEE-Semestre-1-2023-500x390.jpg 500w, https:\/\/www.see-global-network.international\/wp-content\/uploads\/2023\/07\/Rapport-dactivites-SEE-Semestre-1-2023-1000x780.jpg 1000w\" sizes=\"auto, (max-width: 500px) 100vw, 500px\" \/><div class=\"mask\"><\/div><a href=\"https:\/\/www.see-global-network.international\/en\/rapport-dactivite-du-1er-semestre-2023\/\" aria-hidden=\"true\" class=\"icons\"><span><\/span><span><\/span><span><\/span><\/a><\/div><div class=\"sc_blogger_item_content entry-content\"><div class=\"sc_blogger_item_header entry-header\"><div class=\"post_meta\">\t\t\t\t\t<span class=\"post_meta_item post_categories\"><a href=\"https:\/\/www.see-global-network.international\/en\/category\/articles\/\" rel=\"category tag\">Articles<\/a><\/span>\n\t\t\t\t\t\t\t\t\t\t<span class=\"post_meta_item post_date\"><a href=\"https:\/\/www.see-global-network.international\/en\/rapport-dactivite-du-1er-semestre-2023\/\">18 July 2023<\/a><\/span>\n\t\t\t\t\tby \t\t\t\t\t<a class=\"post_meta_item post_author\" rel=\"author\" href=\"https:\/\/www.see-global-network.international\/en\/author\/admin\/\">\n\t\t\t\t\t\tadmin\t\t\t\t\t<\/a>\n\t\t\t\t\t <a href=\"https:\/\/www.see-global-network.international\/en\/rapport-dactivite-du-1er-semestre-2023\/#respond\" class=\"post_meta_item post_counters_item post_counters_comments trx_addons_icon-comment\"><span class=\"post_counters_number\">0<\/span><span class=\"post_counters_label\">Comments<\/span><\/a> <\/div><!-- .post_meta --><h5 class=\"sc_blogger_item_title entry-title\"><a href=\"https:\/\/www.see-global-network.international\/en\/rapport-dactivite-du-1er-semestre-2023\/\" rel=\"bookmark\">RAPPORT D&#8217;ACTIVITE DU 1er SEMESTRE 2023<\/a><\/h5><\/div><!-- .entry-header --><\/div><!-- .entry-content --><\/div><!-- .sc_blogger_item --><\/div><\/div><\/div><!-- \/.sc_blogger --><div class=\"sc_item_button sc_button_wrap sc_align_center\"><a href=\"\/blog-excerpt\/\" id=\"sc_button_1437572911\" class=\"sc_button sc_button_default sc_button_alter sc_button_size_normal sc_button_icon_left\"><span class=\"sc_button_text sc_align_center\"><span class=\"sc_button_title\">More posts<\/span><\/span><!-- \/.sc_button_text --><\/a><!-- \/.sc_button --><\/div><!-- \/.sc_item_button --><div class=\"vc_empty_space  height_large hide_on_mobile\"   style=\"height: 32px\"><span class=\"vc_empty_space_inner\"><\/span><\/div><div class=\"vc_empty_space  height_huge\"   style=\"height: 32px\"><span class=\"vc_empty_space_inner\"><\/span><\/div><\/div><\/div><\/div><\/div><div data-vc-full-width=\"true\" data-vc-full-width-init=\"false\" class=\"vc_row wpb_row vc_row-fluid vc_custom_1488287239457 vc_row-has-fill\"><div class=\"wpb_column vc_column_container vc_col-sm-12 sc_layouts_column_icons_position_left\"><div class=\"vc_column-inner\"><div class=\"wpb_wrapper\"><div class=\"vc_empty_space  hide_on_mobile hide_on_tab\"   style=\"height: 8px\"><span class=\"vc_empty_space_inner\"><\/span><\/div><div class=\"vc_empty_space  height_small hide_on_mobile hide_on_tab\"   style=\"height: 32px\"><span class=\"vc_empty_space_inner\"><\/span><\/div><div class=\"vc_empty_space  height_small\"   style=\"height: 32px\"><span class=\"vc_empty_space_inner\"><\/span><\/div><div id=\"widget_slider_1198739163\" class=\"widget_area sc_widget_slider vc_widget_slider wpb_content_element\"><aside id=\"widget_slider_1198739163_widget\" class=\"widget widget_slider\">\t\t\t<div class=\"slider_wrap slider_engine_swiper\">\r\n\t\t\t\t<div id=\"widget_slider_1198739163_outer\" class=\"slider_swiper_outer slider_style_default slider_outer_direction_horizontal slider_outer_nocontrols slider_outer_nopagination slider_outer_notitles slider_outer_multi\"><div id=\"widget_slider_1198739163_swiper\" class=\"slider_swiper swiper-slider-container slider_direction_horizontal slider_nocontrols slider_nopagination slider_notitles slider_multi slider_noresize slider_height_auto slider_type_images\" data-ratio=\"16:9\" data-interval=\"5000\" data-effect=\"slide\" data-pagination=\"bullets\" data-direction=\"horizontal\" data-slides-per-view=\"6\" data-slides-space=\"92\">\r\n\t\t\t\t\t\t<div class=\"swiper-wrapper\"><div  class=\"swiper-slide\" data-image=\"https:\/\/www.see-global-network.international\/wp-content\/uploads\/2017\/02\/logo-6.png\" style=\"\"><img decoding=\"async\" src=\"https:\/\/www.see-global-network.international\/wp-content\/uploads\/2017\/02\/logo-6.png\" alt=\"\"><\/div><div  class=\"swiper-slide\" data-image=\"https:\/\/www.see-global-network.international\/wp-content\/uploads\/2017\/02\/logo-3.png\" style=\"\"><img decoding=\"async\" src=\"https:\/\/www.see-global-network.international\/wp-content\/uploads\/2017\/02\/logo-3.png\" alt=\"\"><\/div><div  class=\"swiper-slide\" data-image=\"https:\/\/www.see-global-network.international\/wp-content\/uploads\/2017\/02\/logo-1.png\" style=\"\"><img decoding=\"async\" src=\"https:\/\/www.see-global-network.international\/wp-content\/uploads\/2017\/02\/logo-1.png\" alt=\"\"><\/div><div  class=\"swiper-slide\" data-image=\"https:\/\/www.see-global-network.international\/wp-content\/uploads\/2017\/02\/logo-4.png\" style=\"\"><img decoding=\"async\" src=\"https:\/\/www.see-global-network.international\/wp-content\/uploads\/2017\/02\/logo-4.png\" alt=\"\"><\/div><div  class=\"swiper-slide\" data-image=\"https:\/\/www.see-global-network.international\/wp-content\/uploads\/2017\/02\/logo-2.png\" style=\"\"><img decoding=\"async\" src=\"https:\/\/www.see-global-network.international\/wp-content\/uploads\/2017\/02\/logo-2.png\" alt=\"\"><\/div><div  class=\"swiper-slide\" data-image=\"https:\/\/www.see-global-network.international\/wp-content\/uploads\/2017\/02\/logo-5.png\" style=\"\"><img decoding=\"async\" src=\"https:\/\/www.see-global-network.international\/wp-content\/uploads\/2017\/02\/logo-5.png\" alt=\"\"><\/div><\/div><!-- \/.swiper-wripper --><\/div><!-- \/.slider_swiper --><\/div><!-- \/.slider_swiper_outer -->\t\t\t<\/div>\r\n\t\t\t<\/aside><\/div><div class=\"vc_empty_space  height_small\"   style=\"height: 32px\"><span class=\"vc_empty_space_inner\"><\/span><\/div><div class=\"vc_empty_space  height_small hide_on_mobile hide_on_tab\"   style=\"height: 32px\"><span class=\"vc_empty_space_inner\"><\/span><\/div><div class=\"vc_empty_space  hide_on_mobile hide_on_tab\"   style=\"height: 8px\"><span class=\"vc_empty_space_inner\"><\/span><\/div><\/div><\/div><\/div><\/div><div class=\"vc_row-full-width vc_clearfix\"><\/div>","protected":false},"excerpt":{"rendered":"Cliquez sur le lien ci-dessous pour t\u00e9l\u00e9charger notre rapport d'activit\u00e9 du semestre 1 de l'ann\u00e9e 2023 : Rapport-dactivites-SEE-Semestre-1-2023T\u00e9l\u00e9charger","protected":false},"author":1,"featured_media":0,"parent":0,"menu_order":0,"comment_status":"closed","ping_status":"closed","template":"","meta":{"footnotes":""},"class_list":["post-257","page","type-page","status-publish","hentry"],"_links":{"self":[{"href":"https:\/\/www.see-global-network.international\/en\/wp-json\/wp\/v2\/pages\/257","targetHints":{"allow":["GET"]}}],"collection":[{"href":"https:\/\/www.see-global-network.international\/en\/wp-json\/wp\/v2\/pages"}],"about":[{"href":"https:\/\/www.see-global-network.international\/en\/wp-json\/wp\/v2\/types\/page"}],"author":[{"embeddable":true,"href":"https:\/\/www.see-global-network.international\/en\/wp-json\/wp\/v2\/users\/1"}],"replies":[{"embeddable":true,"href":"https:\/\/www.see-global-network.international\/en\/wp-json\/wp\/v2\/comments?post=257"}],"version-history":[{"count":0,"href":"https:\/\/www.see-global-network.international\/en\/wp-json\/wp\/v2\/pages\/257\/revisions"}],"wp:attachment":[{"href":"https:\/\/www.see-global-network.international\/en\/wp-json\/wp\/v2\/media?parent=257"}],"curies":[{"name":"wp","href":"https:\/\/api.w.org\/{rel}","templated":true}]}}