{"id":1557,"date":"2022-12-28T03:39:38","date_gmt":"2022-12-28T02:39:38","guid":{"rendered":"https:\/\/www.see-global-network.international\/?page_id=1557"},"modified":"2022-12-28T03:39:40","modified_gmt":"2022-12-28T02:39:40","slug":"mentions-legales","status":"publish","type":"page","link":"https:\/\/www.see-global-network.international\/en\/mentions-legales\/","title":{"rendered":"Mentions l\u00e9gales"},"content":{"rendered":"<p>CE SITE EST \u00c9DIT\u00c9 PAR :<\/p>\n\n\n\n<p>SANTE EN ENTREPRISE Association loi 1901 dont le si\u00e8ge social est sis Tour C\u0153ur D\u00e9fense 110 Esplanade du G\u00e9n\u00e9ral de Gaulle &#8211; 92931 Paris.<\/p>\n\n\n\n<p>SIRET : 53019835700010<\/p>\n\n\n\n<p>Code APE : 9499Z<\/p>\n\n\n\n<p>T\u00e9l\u00e9phone : 09 74 18 93 21<\/p>\n\n\n\n<p>Adresse de courrier \u00e9lectronique :&nbsp;<a href=\"mailto:contact@santeenentreprise.com\">contact@santeenentreprise.com<\/a><\/p>\n\n\n\n<p>Directeur de la publication : Mr Erick Maville<\/p>\n\n\n\n<p>Responsable du site : Mr Erick Maville<\/p>\n\n\n\n<p>CE SITE EST H\u00c9BERG\u00c9 PAR :<\/p>\n\n\n\n<p>1AND1<\/p>\n\n\n\n<p>CONDITIONS G\u00c9N\u00c9RALES D&#8217;UTILISATION<\/p>\n\n\n\n<p>ART. 1 CONDITIONS D&#8217;UTILISATION<\/p>\n\n\n\n<p>Toute personne qui acc\u00e8de au site\u00a0<a href=\"https:\/\/www.see-global-network.international\u00a0\">https:\/\/www.see-global-network.international\u00a0<\/a>(ci-apr\u00e8s le \u00ab Site \u00bb) s&#8217;engage \u00e0 respecter les pr\u00e9sentes conditions g\u00e9n\u00e9rales d&#8217;utilisation, qui pourront pour certains services \u00eatre compl\u00e9t\u00e9es par des conditions particuli\u00e8res.<\/p>\n\n\n\n<p>SANTE EN ENTREPRISE se r\u00e9serve le droit de modifier et de mettre \u00e0 jour \u00e0 tout moment l&#8217;acc\u00e8s au Site ainsi que les pr\u00e9sentes conditions d&#8217;utilisation. Ces modifications et mises \u00e0 jour s&#8217;imposent \u00e0 l&#8217;utilisateur qui doit en cons\u00e9quence se r\u00e9f\u00e9rer r\u00e9guli\u00e8rement \u00e0 cette rubrique pour v\u00e9rifier les Conditions G\u00e9n\u00e9rales en vigueur.<\/p>\n\n\n\n<p>ART. 2 DONN\u00c9ES PERSONNELLES ET AUTRES DONN\u00c9ES<\/p>\n\n\n\n<p>2.1 Les donn\u00e9es sont exclusivement destin\u00e9es \u00e0 SANTE EN ENTREPRISE, \u00e0 ses filiales ou aux membres de son r\u00e9seau commercial \u00e0 des fins d\u2019enqu\u00eates, d\u2019analyses, de communications institutionnelles, d\u2019op\u00e9rations relatives \u00e0 la gestion clients ou, si vous en \u00eates d\u2019accord, de propositions commerciales. Ces informations sont confidentielles et conserv\u00e9es par SANTE EN ENTREPRISE, ses filiales et les membres de son r\u00e9seau commercial. Conform\u00e9ment \u00e0 la loi \u00ab Informatique et Libert\u00e9s \u00bb du 06\/01\/78, vous disposez d&#8217;un droit d&#8217;acc\u00e8s, de rectification et de suppression de ces donn\u00e9es ainsi que d\u2019un droit de vous opposer \u00e0 ce que ces donn\u00e9es fassent l&#8217;objet d&#8217;un traitement en nous contactant par courrier \u00e0 l\u2019adresse suivante : Tour C\u0153ur D\u00e9fense 110 Esplanade du G\u00e9n\u00e9ral de Gaulle &#8211; 92931 Paris ou par e-mail \u00e0 l\u2019adresse&nbsp;<a href=\"mailto:contact@santeenentreprise.com\">contact@santeenentreprise.com<\/a>.<\/p>\n\n\n\n<p>Vos demandes devront \u00eatre sign\u00e9es et accompagn\u00e9es de la photocopie d\u2019un titre d\u2019identit\u00e9 portant la signature du titulaire. La demande devra pr\u00e9ciser l\u2019adresse \u00e0 laquelle devra parvenir la r\u00e9ponse.<\/p>\n\n\n\n<p>Dans l\u2019hypoth\u00e8se o\u00f9 vous avez accept\u00e9 dans nos formulaires de recevoir par email des informations et sollicitations commerciales \u00e9manant de notre soci\u00e9t\u00e9 et de son r\u00e9seau de magasins \u00e0 l\u2019enseigne de SANTE EN ENTREPRISE, vous aurez \u00e0 tout moment la facult\u00e9 de revenir sur cette d\u00e9cision, soit en cliquant sur le lien pr\u00e9vu \u00e0 cet effet en bas des mails que vous recevez, soit en envoyant un mail avec pour objet \u00ab d\u00e9sabonnement \u00bb \u00e0 l\u2019adresse suivante :&nbsp;<a href=\"mailto:contact@santeenentreprise.com\">contact@santeenentreprise.com<\/a>.<\/p>\n\n\n\n<p>2.2 Conform\u00e9ment \u00e0 l\u2019article 6 de la Loi du 21 juin 2004 pour la confiance en l\u2019\u00e9conomie num\u00e9rique, l&#8217;h\u00e9bergeur conservera vos donn\u00e9es de connexion, couvertes par le secret professionnel et trait\u00e9es dans le respect des dispositions l\u00e9gales en mati\u00e8re de donn\u00e9es personnelles.<\/p>\n\n\n\n<p>ART. 3 LIENS HYPERTEXTES<\/p>\n\n\n\n<p>Si vous souhaitez mettre en place un lien hypertexte vers notre Site, vous devez en cons\u00e9quence prendre contact avec le Responsable du Site. SANTE EN ENTREPRISE ne peut en aucun cas \u00eatre tenue pour responsable du contenu des sites qui font l&#8217;objet d&#8217;un lien hypertexte \u00e0 partir du pr\u00e9sent Site.<\/p>\n\n\n\n<p>ART. 4 COOKIES<\/p>\n\n\n\n<p>Lors de la navigation sur le Site, des cookies sont implant\u00e9s dans votre ordinateur. Un cookie ne nous permet pas de vous identifier : en revanche, il enregistre des informations relatives \u00e0 la navigation de votre ordinateur sur notre Site (les pages que vous avez consult\u00e9es, la date et l&#8217;heure de la consultation, etc.) que nous pourrons lire lors de vos visites ult\u00e9rieures. La dur\u00e9e de conservation de ces informations dans votre ordinateur est de six mois.<\/p>\n\n\n\n<p>De plus, le site utilise Google Analytics, un service d&#8217;analyse de site Internet fourni par Google Inc. (ci-apr\u00e8s \u00ab Google \u00bb). Google Analytics utilise des cookies &nbsp;pour aider SANTE EN ENTREPRISE et l\u2019h\u00e9bergeur \u00e0 analyser l&#8217;utilisation du Site par ses utilisateurs. Les donn\u00e9es g\u00e9n\u00e9r\u00e9es par les cookies concernant votre utilisation du Site (y compris votre adresse IP) seront transmises et stock\u00e9es par Google sur des serveurs situ\u00e9s aux Etats-Unis. Google utilisera cette information dans le but d&#8217;\u00e9valuer votre utilisation du Site, de compiler des rapports sur l&#8217;activit\u00e9 du Site \u00e0 destination de SANTE EN ENTREPRISE et de l\u2019h\u00e9bergeur et de fournir d&#8217;autres services relatifs \u00e0 l&#8217;activit\u00e9 du site et \u00e0 l&#8217;utilisation d&#8217;Internet. Google est susceptible de communiquer ces donn\u00e9es \u00e0 des tiers en cas d&#8217;obligation l\u00e9gale ou lorsque ces tiers traitent ces donn\u00e9es pour le compte de Google, y compris notamment SANTE EN ENTREPRISE, l&#8217;\u00e9diteur du &nbsp;Site et \u00e0 l\u2019h\u00e9bergeur. Google ne recoupera pas votre adresse IP avec toute autre donn\u00e9e d\u00e9tenue par Google. En utilisant le Site, vous consentez express\u00e9ment au traitement de vos donn\u00e9es nominatives par Google dans les conditions et pour les finalit\u00e9s d\u00e9crites ci-dessus.<\/p>\n\n\n\n<p>Nous vous informons que vous pouvez vous opposer \u00e0 l&#8217;enregistrement de cookies en configurant votre navigateur de la mani\u00e8re suivante :<\/p>\n\n\n\n<p>POUR MICROSOFT INTERNET EXPLORER 7.0 ET SUIVANT:<\/p>\n\n\n\n<p>Dans la barre de menu, choisir le menu outils;<\/p>\n\n\n\n<p>Dans le menu d\u00e9roulant, choisir options internet;<\/p>\n\n\n\n<p>Cliquer sur l&#8217;onglet confidentialit\u00e9;<\/p>\n\n\n\n<p>Cliquer sur le bouton avanc\u00e9 de la section param\u00e8tres;<\/p>\n\n\n\n<p>Dans la fen\u00eatre param\u00e8tres de confidentialit\u00e9 avanc\u00e9s v\u00e9rifier que l&#8217;option ignorer la gestion automatique des cookies n&#8217;est pas coch\u00e9e.<\/p>\n\n\n\n<p>POUR FIREFOX \u00c0 PARTIR DE LA VERSION 12 :<\/p>\n\n\n\n<p>Dans la barre de menu, choisir le menu outils;<\/p>\n\n\n\n<p>Dans le menu d\u00e9roulant, choisir options;<\/p>\n\n\n\n<p>Cliquer sur l&#8217;icone vie priv\u00e9e;<\/p>\n\n\n\n<p>Cliquer sur le lien supprimer des cookies sp\u00e9cifiques;<\/p>\n\n\n\n<p>Dans la fen\u00eatre Cookies, cliquer sur le bouton Supprimer tous les cookies.<\/p>\n\n\n\n<p>POUR OP\u00c9RA \u00c0 PARTIR DE LA VERSION 11 :<\/p>\n\n\n\n<p>Choisissez le menu;<\/p>\n\n\n\n<p>Dans la liste, choisir r\u00e9glages puis supprimer les informations priv\u00e9es&#8230;;<\/p>\n\n\n\n<p>Cliquer sur le bouton supprimer.<\/p>\n\n\n\n<p>POUR GOOGLE CHROME :<\/p>\n\n\n\n<p>Cliquer sur l&#8217;icone Personnaliser et configurer Google Chrome;<\/p>\n\n\n\n<p>Choisir dans la liste Param\u00e8tres;<\/p>\n\n\n\n<p>Cliquer sur Afficher les param\u00e8tres avanc\u00e9s&#8230;;<\/p>\n\n\n\n<p>Cliquer sur le bouton Param\u00e8tres de contenu;<\/p>\n\n\n\n<p>Cliquer sur le bouton Cookies et donn\u00e9es de site&#8230;;<\/p>\n\n\n\n<p>Cliquer sur le bouton Tout supprimer.<\/p>\n\n\n\n<p>Nous vous informons n\u00e9anmoins que l\u2019acc\u00e8s \u00e0 certains services et rubriques du Site pourra \u00eatre alt\u00e9r\u00e9 voire impossible du fait de la suppression des cookies.<\/p>\n\n\n\n<p>ART. 5 CONTENU DU SITE<\/p>\n\n\n\n<p>SANTE EN ENTREPRISE, l\u2019h\u00e9bergeur et, plus g\u00e9n\u00e9ralement, toute soci\u00e9t\u00e9 contribuant \u00e0 la conception, \u00e0 la r\u00e9alisation et \u00e0 la mise en ligne de ce Site s\u2019efforcent d\u2019assurer l\u2019exactitude et la mise \u00e0 jour r\u00e9guli\u00e8re des informations diffus\u00e9es sur ce Site. SANTE EN ENTREPRISE et les prestataires pr\u00e9cit\u00e9s se r\u00e9servent le droit de corriger et modifier \u00e0 tout moment le contenu du Site sans que leur responsabilit\u00e9 puisse \u00eatre engag\u00e9e de ce fait, SANTE EN ENTREPRISE pouvant apporter \u00e0 tout moment des am\u00e9liorations et\/ou changements au(x) produit(s) d\u00e9crits sur ce Site.<\/p>\n\n\n\n<p>Les prix ou tarifs mentionn\u00e9s dans nos pages sont des \u00ab prix maximum conseill\u00e9s \u00bb \u00e0 la date de la derni\u00e8re mise \u00e0 jour du Site. Ces prix peuvent conna\u00eetre des variations selon les d\u00e9taillants. Par ailleurs, ces prix maximum conseill\u00e9s sont susceptibles d\u2019\u00e9voluer p\u00e9riodiquement ou \u00e0 l\u2019occasion de l\u2019\u00e9volution des collections de SANTE EN ENTREPRISE.<\/p>\n\n\n\n<p>ART. 6 CONTENU MANIFESTEMENT ILLICITE<\/p>\n\n\n\n<p>Conform\u00e9ment \u00e0 la loi du 21 juin 2004 pour la confiance dans l\u2019\u00e9conomie, vous pouvez alerter l\u2019h\u00e9bergeur de la pr\u00e9sence d\u2019un contenu que vous consid\u00e9rez comme illicite en remplissant le formulaire t\u00e9l\u00e9chargeable (cliquez sur le lien). L\u2019h\u00e9bergeur appr\u00e9ciera le caract\u00e8re illicite des contenus portes \u00e0 sa connaissance.<\/p>\n\n\n\n<p>Le fait, pour toute personne, de pr\u00e9senter un contenu ou une activit\u00e9 comme \u00e9tant illicite dans le but d&#8217;en obtenir le retrait ou d&#8217;en faire cesser la diffusion, alors qu&#8217;elle sait cette information inexacte, est puni d&#8217;un an d&#8217;emprisonnement et de 15.000 euros d&#8217;amende.<\/p>\n\n\n\n<p>ART. 7 DROIT APPLICABLE<\/p>\n\n\n\n<p>Les pr\u00e9sentes Conditions G\u00e9n\u00e9rales d&#8217;utilisation sont soumises au droit interne fran\u00e7ais. &nbsp;<\/p>\n\n\n\n<p>SANTE EN ENTREPRISE<\/p>\n\n\n\n<p>Tour C\u0153ur D\u00e9fense<\/p>\n\n\n\n<p>110 Esplanade du G\u00e9n\u00e9ral de Gaulle<\/p>\n\n\n\n<p>92931 Paris La D\u00e9fense<\/p>\n\n\n\n<p>T\u00e9l. 09 74 18 93 21<\/p>\n\n\n\n<p>\u200b<\/p>","protected":false},"excerpt":{"rendered":"<p>CE SITE EST \u00c9DIT\u00c9 PAR : SANTE EN ENTREPRISE Association loi 1901 dont le si\u00e8ge social est sis Tour C\u0153ur D\u00e9fense 110 Esplanade du G\u00e9n\u00e9ral de Gaulle &#8211; 92931 Paris. SIRET : 53019835700010 Code APE : 9499Z T\u00e9l\u00e9phone : 09 74 18 93 21 Adresse de courrier \u00e9lectronique :&nbsp;contact@santeenentreprise.com Directeur de la publication : Mr Erick Maville Responsable du site&hellip;<\/p>","protected":false},"author":1,"featured_media":0,"parent":0,"menu_order":0,"comment_status":"closed","ping_status":"closed","template":"","meta":{"footnotes":""},"class_list":["post-1557","page","type-page","status-publish","hentry"],"_links":{"self":[{"href":"https:\/\/www.see-global-network.international\/en\/wp-json\/wp\/v2\/pages\/1557","targetHints":{"allow":["GET"]}}],"collection":[{"href":"https:\/\/www.see-global-network.international\/en\/wp-json\/wp\/v2\/pages"}],"about":[{"href":"https:\/\/www.see-global-network.international\/en\/wp-json\/wp\/v2\/types\/page"}],"author":[{"embeddable":true,"href":"https:\/\/www.see-global-network.international\/en\/wp-json\/wp\/v2\/users\/1"}],"replies":[{"embeddable":true,"href":"https:\/\/www.see-global-network.international\/en\/wp-json\/wp\/v2\/comments?post=1557"}],"version-history":[{"count":1,"href":"https:\/\/www.see-global-network.international\/en\/wp-json\/wp\/v2\/pages\/1557\/revisions"}],"predecessor-version":[{"id":1558,"href":"https:\/\/www.see-global-network.international\/en\/wp-json\/wp\/v2\/pages\/1557\/revisions\/1558"}],"wp:attachment":[{"href":"https:\/\/www.see-global-network.international\/en\/wp-json\/wp\/v2\/media?parent=1557"}],"curies":[{"name":"wp","href":"https:\/\/api.w.org\/{rel}","templated":true}]}}