{"id":1043,"date":"2021-10-03T01:58:00","date_gmt":"2021-10-02T23:58:00","guid":{"rendered":"https:\/\/www.see-global-network.international\/?page_id=1043"},"modified":"2021-10-04T15:24:45","modified_gmt":"2021-10-04T13:24:45","slug":"innovation","status":"publish","type":"page","link":"https:\/\/www.see-global-network.international\/en\/innovation\/","title":{"rendered":"Innovation"},"content":{"rendered":"<div class=\"vc_row wpb_row vc_row-fluid\"><div class=\"wpb_column vc_column_container vc_col-sm-12 sc_layouts_column_icons_position_left\"><div class=\"vc_column-inner\"><div class=\"wpb_wrapper\"><section class=\"vc_cta3-container\"><div class=\"vc_general vc_cta3 vc_cta3-style-classic vc_cta3-shape-rounded vc_cta3-align-left vc_cta3-color-classic vc_cta3-icon-size-md\"><div class=\"vc_cta3_content-container\"><div class=\"vc_cta3-content\"><header class=\"vc_cta3-content-header\"><h2>SOLUTIONS INNOVANTES<\/h2><\/header><p>L\u2019ambition de SEE est de g\u00e9n\u00e9rer de nouvelles solutions pour innover et agir afin de renforcer les \u00e9cosyst\u00e8mes locaux de sant\u00e9.<\/p>\n<p>Nos objectifs\u00a0:<\/p>\n<\/div><\/div><\/div><\/section>\n\t<div class=\"wpb_text_column wpb_content_element\" >\n\t\t<div class=\"wpb_wrapper\">\n\t\t\t<ol>\n<li><strong>Mobiliser<\/strong> 300 entreprises dans 15 pays en Afrique d\u2019ici fin 2024.<\/li>\n<li><strong>Sensibiliser<\/strong> au moins 10 millions de personnes \u00e0 travers des campagnes digitales de sensibilisation.<\/li>\n<li><strong>Former <\/strong>750 professionnels de sant\u00e9 aux bonnes pratiques de d\u00e9pistage et de prise en charge m\u00e9dicale \u00e0 travers des webinaires et la plateforme de formation SeeTraining<\/li>\n<li><strong>D\u00e9pister<\/strong> 1 million de personnes (employ\u00e9s, ayant-droits, communaut\u00e9s environnantes) \u00e0 travers les Caravanes sant\u00e9 et nos dispositifs m\u00e9dicaux connect\u00e9s<\/li>\n<li><strong>Partager<\/strong> les donn\u00e9es avec les Minist\u00e8res de la sant\u00e9 des pays en les transf\u00e9rant sur les syst\u00e8mes nationaux d\u2019information sanitaire<\/li>\n<\/ol>\n\n\t\t<\/div>\n\t<\/div>\n<div id=\"sc_services_458794817\" class=\"sc_services sc_services_light sc_services_light1\"><div class=\"sc_services_columns sc_item_columns sc_item_columns_2 trx_addons_columns_wrap columns_padding_bottom\"><div class=\"trx_addons_column-1_2\"><div class=\"sc_services_item with_content with_image sc_services_item_featured_top\">\n\t<div class=\"post_featured with_thumb hover_dots sc_services_item_thumb\"><img loading=\"lazy\" decoding=\"async\" width=\"640\" height=\"428\" src=\"https:\/\/www.see-global-network.international\/wp-content\/uploads\/2017\/02\/Seelab-3-640x428.png\" class=\"attachment-luxmed-thumb-big size-luxmed-thumb-big wp-post-image\" alt=\"Solutions Innovantes\" \/><div class=\"mask\"><\/div><a href=\"https:\/\/www.see-global-network.international\/en\/services\/dispositifs-medicaux-modernes\/\" aria-hidden=\"true\" class=\"icons\"><span><\/span><span><\/span><span><\/span><\/a><\/div>\t\n\t<div class=\"sc_services_item_info\">\n\t\t<div class=\"sc_services_item_header\">\n\t\t\t\t\t\t<h4 class=\"sc_services_item_title\"><a href=\"https:\/\/www.see-global-network.international\/en\/services\/dispositifs-medicaux-modernes\/\">Innovative solutions<\/a><\/h4>\n\t\t<\/div>\n\t\t\t\t\t<div class=\"sc_services_item_content\"><p>Digitalized solutions and groundbreaking projects to reinforce local health ecosystems.<\/p>\n<\/div>\n\t\t\t<\/div>\n<\/div>\n<\/div><div class=\"trx_addons_column-1_2\"><div class=\"sc_services_item with_content with_image sc_services_item_featured_top\">\n\t<div class=\"post_featured with_thumb hover_dots sc_services_item_thumb\"><img loading=\"lazy\" decoding=\"async\" width=\"300\" height=\"300\" src=\"https:\/\/www.see-global-network.international\/wp-content\/uploads\/2021\/10\/logo-SEE.jpg\" class=\"attachment-luxmed-thumb-big size-luxmed-thumb-big wp-post-image\" alt=\"SeeMeeting\" srcset=\"https:\/\/www.see-global-network.international\/wp-content\/uploads\/2021\/10\/logo-SEE.jpg 300w, https:\/\/www.see-global-network.international\/wp-content\/uploads\/2021\/10\/logo-SEE-150x150.jpg 150w, https:\/\/www.see-global-network.international\/wp-content\/uploads\/2021\/10\/logo-SEE-84x84.jpg 84w\" sizes=\"auto, (max-width: 300px) 100vw, 300px\" \/><div class=\"mask\"><\/div><a href=\"https:\/\/www.see-global-network.international\/en\/services\/seemeeting\/\" aria-hidden=\"true\" class=\"icons\"><span><\/span><span><\/span><span><\/span><\/a><\/div>\t\n\t<div class=\"sc_services_item_info\">\n\t\t<div class=\"sc_services_item_header\">\n\t\t\t\t\t\t<h4 class=\"sc_services_item_title\"><a href=\"https:\/\/www.see-global-network.international\/en\/services\/seemeeting\/\">SeeMeeting<\/a><\/h4>\n\t\t<\/div>\n\t\t\t\t\t<div class=\"sc_services_item_content\"><p>En Cours<\/p>\n<\/div>\n\t\t\t<\/div>\n<\/div>\n<\/div><\/div><\/div><!-- \/.sc_services --><\/div><\/div><\/div><\/div>","protected":false},"excerpt":{"rendered":"En Cours","protected":false},"author":1,"featured_media":0,"parent":0,"menu_order":0,"comment_status":"closed","ping_status":"closed","template":"","meta":{"footnotes":""},"class_list":["post-1043","page","type-page","status-publish","hentry"],"_links":{"self":[{"href":"https:\/\/www.see-global-network.international\/en\/wp-json\/wp\/v2\/pages\/1043","targetHints":{"allow":["GET"]}}],"collection":[{"href":"https:\/\/www.see-global-network.international\/en\/wp-json\/wp\/v2\/pages"}],"about":[{"href":"https:\/\/www.see-global-network.international\/en\/wp-json\/wp\/v2\/types\/page"}],"author":[{"embeddable":true,"href":"https:\/\/www.see-global-network.international\/en\/wp-json\/wp\/v2\/users\/1"}],"replies":[{"embeddable":true,"href":"https:\/\/www.see-global-network.international\/en\/wp-json\/wp\/v2\/comments?post=1043"}],"version-history":[{"count":11,"href":"https:\/\/www.see-global-network.international\/en\/wp-json\/wp\/v2\/pages\/1043\/revisions"}],"predecessor-version":[{"id":1338,"href":"https:\/\/www.see-global-network.international\/en\/wp-json\/wp\/v2\/pages\/1043\/revisions\/1338"}],"wp:attachment":[{"href":"https:\/\/www.see-global-network.international\/en\/wp-json\/wp\/v2\/media?parent=1043"}],"curies":[{"name":"wp","href":"https:\/\/api.w.org\/{rel}","templated":true}]}}